{"id":65,"date":"2020-12-24T17:35:59","date_gmt":"2020-12-24T16:35:59","guid":{"rendered":"http:\/\/maelleneumann.com\/?page_id=65"},"modified":"2026-01-28T17:14:43","modified_gmt":"2026-01-28T16:14:43","slug":"mon-portfolio","status":"publish","type":"page","link":"https:\/\/maelleneumann.com\/?page_id=65","title":{"rendered":"Mon portfolio"},"content":{"rendered":"\t\t<div data-elementor-type=\"wp-page\" data-elementor-id=\"65\" class=\"elementor elementor-65\">\n\t\t\t\t\t\t<div class=\"elementor-inner\">\n\t\t\t\t<div class=\"elementor-section-wrap\">\n\t\t\t\t\t\t\t\t\t<section class=\"elementor-section elementor-top-section elementor-element elementor-element-c1ea97a elementor-section-boxed elementor-section-height-default elementor-section-height-default\" data-id=\"c1ea97a\" data-element_type=\"section\">\n\t\t\t\t\t\t<div class=\"elementor-container elementor-column-gap-default\">\n\t\t\t\t\t\t\t<div class=\"elementor-row\">\n\t\t\t\t\t<div class=\"elementor-column elementor-col-100 elementor-top-column elementor-element elementor-element-1841c55\" data-id=\"1841c55\" data-element_type=\"column\">\n\t\t\t<div class=\"elementor-column-wrap elementor-element-populated\">\n\t\t\t\t\t\t\t<div class=\"elementor-widget-wrap\">\n\t\t\t\t\t\t\t\t<\/div>\n\t\t\t\t\t<\/div>\n\t\t<\/div>\n\t\t\t\t\t\t\t\t<\/div>\n\t\t\t\t\t<\/div>\n\t\t<\/section>\n\t\t\t\t<section class=\"elementor-section elementor-top-section elementor-element elementor-element-ffceb1b elementor-section-boxed elementor-section-height-default elementor-section-height-default\" data-id=\"ffceb1b\" data-element_type=\"section\">\n\t\t\t\t\t\t<div class=\"elementor-container elementor-column-gap-default\">\n\t\t\t\t\t\t\t<div class=\"elementor-row\">\n\t\t\t\t\t<div class=\"elementor-column elementor-col-100 elementor-top-column elementor-element elementor-element-2936cf7\" data-id=\"2936cf7\" data-element_type=\"column\">\n\t\t\t<div class=\"elementor-column-wrap elementor-element-populated\">\n\t\t\t\t\t\t\t<div class=\"elementor-widget-wrap\">\n\t\t\t\t\t\t<div class=\"elementor-element elementor-element-b26667d elementor-aspect-ratio-169 elementor-widget elementor-widget-video\" data-id=\"b26667d\" data-element_type=\"widget\" data-settings=\"{&quot;youtube_url&quot;:&quot;https:\\\/\\\/youtu.be\\\/qHK_T3plmBw&quot;,&quot;video_type&quot;:&quot;youtube&quot;,&quot;controls&quot;:&quot;yes&quot;,&quot;aspect_ratio&quot;:&quot;169&quot;}\" data-widget_type=\"video.default\">\n\t\t\t\t<div class=\"elementor-widget-container\">\n\t\t\t\t\t<div class=\"elementor-wrapper elementor-fit-aspect-ratio elementor-open-inline\">\n\t\t\t<div class=\"elementor-video\"><\/div>\t\t<\/div>\n\t\t\t\t<\/div>\n\t\t\t\t<\/div>\n\t\t\t\t\t\t<\/div>\n\t\t\t\t\t<\/div>\n\t\t<\/div>\n\t\t\t\t\t\t\t\t<\/div>\n\t\t\t\t\t<\/div>\n\t\t<\/section>\n\t\t\t\t\t\t\t\t\t<\/div>\n\t\t\t<\/div>\n\t\t\t\t\t<\/div>\n\t\t","protected":false},"excerpt":{"rendered":"<p>https:\/\/youtu.be\/qHK_T3plmBw<\/p>\n","protected":false},"author":1,"featured_media":0,"parent":0,"menu_order":0,"comment_status":"closed","ping_status":"closed","template":"","meta":[],"yoast_head":"<!-- This site is optimized with the Yoast SEO plugin v19.1 - https:\/\/yoast.com\/wordpress\/plugins\/seo\/ -->\n<title>Mon portfolio -<\/title>\n<meta name=\"description\" content=\"D\u00e9couvrez mes cr\u00e9ation ! Que ce soit des visuels, du graphisme, des photos, des vid\u00e9os...\" \/>\n<meta name=\"robots\" content=\"index, follow, max-snippet:-1, max-image-preview:large, max-video-preview:-1\" \/>\n<link rel=\"canonical\" href=\"https:\/\/maelleneumann.com\/?page_id=65\" \/>\n<meta property=\"og:locale\" content=\"fr_FR\" \/>\n<meta property=\"og:type\" content=\"article\" \/>\n<meta property=\"og:title\" content=\"Mon portfolio -\" \/>\n<meta property=\"og:description\" content=\"D\u00e9couvrez mes cr\u00e9ation ! Que ce soit des visuels, du graphisme, des photos, des vid\u00e9os...\" \/>\n<meta property=\"og:url\" content=\"https:\/\/maelleneumann.com\/?page_id=65\" \/>\n<meta property=\"article:modified_time\" content=\"2026-01-28T16:14:43+00:00\" \/>\n<meta name=\"twitter:card\" content=\"summary_large_image\" \/>\n<script type=\"application\/ld+json\" class=\"yoast-schema-graph\">{\"@context\":\"https:\/\/schema.org\",\"@graph\":[{\"@type\":\"WebSite\",\"@id\":\"https:\/\/maelleneumann.com\/#website\",\"url\":\"https:\/\/maelleneumann.com\/\",\"name\":\"\",\"description\":\"Mon portfolio\",\"potentialAction\":[{\"@type\":\"SearchAction\",\"target\":{\"@type\":\"EntryPoint\",\"urlTemplate\":\"https:\/\/maelleneumann.com\/?s={search_term_string}\"},\"query-input\":\"required name=search_term_string\"}],\"inLanguage\":\"fr-FR\"},{\"@type\":\"WebPage\",\"@id\":\"https:\/\/maelleneumann.com\/?page_id=65#webpage\",\"url\":\"https:\/\/maelleneumann.com\/?page_id=65\",\"name\":\"Mon portfolio -\",\"isPartOf\":{\"@id\":\"https:\/\/maelleneumann.com\/#website\"},\"datePublished\":\"2020-12-24T16:35:59+00:00\",\"dateModified\":\"2026-01-28T16:14:43+00:00\",\"description\":\"D\u00e9couvrez mes cr\u00e9ation ! Que ce soit des visuels, du graphisme, des photos, des vid\u00e9os...\",\"breadcrumb\":{\"@id\":\"https:\/\/maelleneumann.com\/?page_id=65#breadcrumb\"},\"inLanguage\":\"fr-FR\",\"potentialAction\":[{\"@type\":\"ReadAction\",\"target\":[\"https:\/\/maelleneumann.com\/?page_id=65\"]}]},{\"@type\":\"BreadcrumbList\",\"@id\":\"https:\/\/maelleneumann.com\/?page_id=65#breadcrumb\",\"itemListElement\":[{\"@type\":\"ListItem\",\"position\":1,\"name\":\"Accueil\",\"item\":\"https:\/\/maelleneumann.com\/\"},{\"@type\":\"ListItem\",\"position\":2,\"name\":\"Mon portfolio\"}]}]}<\/script>\n<!-- \/ Yoast SEO plugin. -->","yoast_head_json":{"title":"Mon portfolio -","description":"D\u00e9couvrez mes cr\u00e9ation ! Que ce soit des visuels, du graphisme, des photos, des vid\u00e9os...","robots":{"index":"index","follow":"follow","max-snippet":"max-snippet:-1","max-image-preview":"max-image-preview:large","max-video-preview":"max-video-preview:-1"},"canonical":"https:\/\/maelleneumann.com\/?page_id=65","og_locale":"fr_FR","og_type":"article","og_title":"Mon portfolio -","og_description":"D\u00e9couvrez mes cr\u00e9ation ! Que ce soit des visuels, du graphisme, des photos, des vid\u00e9os...","og_url":"https:\/\/maelleneumann.com\/?page_id=65","article_modified_time":"2026-01-28T16:14:43+00:00","twitter_card":"summary_large_image","schema":{"@context":"https:\/\/schema.org","@graph":[{"@type":"WebSite","@id":"https:\/\/maelleneumann.com\/#website","url":"https:\/\/maelleneumann.com\/","name":"","description":"Mon portfolio","potentialAction":[{"@type":"SearchAction","target":{"@type":"EntryPoint","urlTemplate":"https:\/\/maelleneumann.com\/?s={search_term_string}"},"query-input":"required name=search_term_string"}],"inLanguage":"fr-FR"},{"@type":"WebPage","@id":"https:\/\/maelleneumann.com\/?page_id=65#webpage","url":"https:\/\/maelleneumann.com\/?page_id=65","name":"Mon portfolio -","isPartOf":{"@id":"https:\/\/maelleneumann.com\/#website"},"datePublished":"2020-12-24T16:35:59+00:00","dateModified":"2026-01-28T16:14:43+00:00","description":"D\u00e9couvrez mes cr\u00e9ation ! Que ce soit des visuels, du graphisme, des photos, des vid\u00e9os...","breadcrumb":{"@id":"https:\/\/maelleneumann.com\/?page_id=65#breadcrumb"},"inLanguage":"fr-FR","potentialAction":[{"@type":"ReadAction","target":["https:\/\/maelleneumann.com\/?page_id=65"]}]},{"@type":"BreadcrumbList","@id":"https:\/\/maelleneumann.com\/?page_id=65#breadcrumb","itemListElement":[{"@type":"ListItem","position":1,"name":"Accueil","item":"https:\/\/maelleneumann.com\/"},{"@type":"ListItem","position":2,"name":"Mon portfolio"}]}]}},"_links":{"self":[{"href":"https:\/\/maelleneumann.com\/index.php?rest_route=\/wp\/v2\/pages\/65"}],"collection":[{"href":"https:\/\/maelleneumann.com\/index.php?rest_route=\/wp\/v2\/pages"}],"about":[{"href":"https:\/\/maelleneumann.com\/index.php?rest_route=\/wp\/v2\/types\/page"}],"author":[{"embeddable":true,"href":"https:\/\/maelleneumann.com\/index.php?rest_route=\/wp\/v2\/users\/1"}],"replies":[{"embeddable":true,"href":"https:\/\/maelleneumann.com\/index.php?rest_route=%2Fwp%2Fv2%2Fcomments&post=65"}],"version-history":[{"count":59,"href":"https:\/\/maelleneumann.com\/index.php?rest_route=\/wp\/v2\/pages\/65\/revisions"}],"predecessor-version":[{"id":720,"href":"https:\/\/maelleneumann.com\/index.php?rest_route=\/wp\/v2\/pages\/65\/revisions\/720"}],"wp:attachment":[{"href":"https:\/\/maelleneumann.com\/index.php?rest_route=%2Fwp%2Fv2%2Fmedia&parent=65"}],"curies":[{"name":"wp","href":"https:\/\/api.w.org\/{rel}","templated":true}]}}