{"id":199,"date":"2021-01-21T10:14:26","date_gmt":"2021-01-21T09:14:26","guid":{"rendered":"http:\/\/maelleneumann.com\/?page_id=199"},"modified":"2026-01-28T17:08:15","modified_gmt":"2026-01-28T16:08:15","slug":"competences-experiences","status":"publish","type":"page","link":"https:\/\/maelleneumann.com\/?page_id=199","title":{"rendered":"Comp\u00e9tences &#038; Exp\u00e9riences"},"content":{"rendered":"\t\t<div data-elementor-type=\"wp-page\" data-elementor-id=\"199\" class=\"elementor elementor-199\">\n\t\t\t\t\t\t<div class=\"elementor-inner\">\n\t\t\t\t<div class=\"elementor-section-wrap\">\n\t\t\t\t\t\t\t\t\t<section class=\"elementor-section elementor-top-section elementor-element elementor-element-2df1193c elementor-section-height-min-height elementor-section-content-top elementor-reverse-mobile elementor-section-items-top elementor-section-stretched elementor-section-boxed elementor-section-height-default\" data-id=\"2df1193c\" data-element_type=\"section\" data-settings=\"{&quot;background_background&quot;:&quot;none&quot;,&quot;stretch_section&quot;:&quot;section-stretched&quot;}\">\n\t\t\t\t\t\t<div class=\"elementor-container elementor-column-gap-default\">\n\t\t\t\t\t\t\t<div class=\"elementor-row\">\n\t\t\t\t\t<div class=\"elementor-column elementor-col-50 elementor-top-column elementor-element elementor-element-6919f13c\" data-id=\"6919f13c\" data-element_type=\"column\">\n\t\t\t<div class=\"elementor-column-wrap elementor-element-populated\">\n\t\t\t\t\t\t\t<div class=\"elementor-widget-wrap\">\n\t\t\t\t\t\t<div class=\"elementor-element elementor-element-38df9ec5 elementor-invisible elementor-widget elementor-widget-image\" data-id=\"38df9ec5\" data-element_type=\"widget\" data-settings=\"{&quot;_animation&quot;:&quot;fadeInLeft&quot;}\" data-widget_type=\"image.default\">\n\t\t\t\t<div class=\"elementor-widget-container\">\n\t\t\t\t\t\t\t\t<div class=\"elementor-image\">\n\t\t\t\t\t\t\t\t\t\t\t\t<img width=\"620\" height=\"1102\" src=\"https:\/\/maelleneumann.com\/wp-content\/uploads\/2021\/01\/bjklb-ljk.png\" class=\"attachment-full size-full\" alt=\"\" srcset=\"https:\/\/maelleneumann.com\/wp-content\/uploads\/2021\/01\/bjklb-ljk.png 620w, https:\/\/maelleneumann.com\/wp-content\/uploads\/2021\/01\/bjklb-ljk-169x300.png 169w, https:\/\/maelleneumann.com\/wp-content\/uploads\/2021\/01\/bjklb-ljk-576x1024.png 576w\" sizes=\"100vw\" \/>\t\t\t\t\t\t\t\t\t\t\t\t\t\t<\/div>\n\t\t\t\t\t\t<\/div>\n\t\t\t\t<\/div>\n\t\t\t\t\t\t<\/div>\n\t\t\t\t\t<\/div>\n\t\t<\/div>\n\t\t\t\t<div class=\"elementor-column elementor-col-50 elementor-top-column elementor-element elementor-element-80a90cf\" data-id=\"80a90cf\" data-element_type=\"column\">\n\t\t\t<div class=\"elementor-column-wrap elementor-element-populated\">\n\t\t\t\t\t\t\t<div class=\"elementor-widget-wrap\">\n\t\t\t\t\t\t<div class=\"elementor-element elementor-element-725777e9 elementor-widget-divider--view-line elementor-widget elementor-widget-divider\" data-id=\"725777e9\" data-element_type=\"widget\" data-widget_type=\"divider.default\">\n\t\t\t\t<div class=\"elementor-widget-container\">\n\t\t\t\t\t<div class=\"elementor-divider\">\n\t\t\t<span class=\"elementor-divider-separator\">\n\t\t\t\t\t\t<\/span>\n\t\t<\/div>\n\t\t\t\t<\/div>\n\t\t\t\t<\/div>\n\t\t\t\t<div class=\"elementor-element elementor-element-6c67bc0a elementor-invisible elementor-widget elementor-widget-heading\" data-id=\"6c67bc0a\" data-element_type=\"widget\" data-settings=\"{&quot;_animation&quot;:&quot;fadeInRight&quot;}\" data-widget_type=\"heading.default\">\n\t\t\t\t<div class=\"elementor-widget-container\">\n\t\t\t<h3 class=\"elementor-heading-title elementor-size-large\">Cr\u00e9ation de contenu<\/h3>\t\t<\/div>\n\t\t\t\t<\/div>\n\t\t\t\t<div class=\"elementor-element elementor-element-3f26599 elementor-widget-divider--view-line elementor-widget elementor-widget-divider\" data-id=\"3f26599\" data-element_type=\"widget\" data-widget_type=\"divider.default\">\n\t\t\t\t<div class=\"elementor-widget-container\">\n\t\t\t\t\t<div class=\"elementor-divider\">\n\t\t\t<span class=\"elementor-divider-separator\">\n\t\t\t\t\t\t<\/span>\n\t\t<\/div>\n\t\t\t\t<\/div>\n\t\t\t\t<\/div>\n\t\t\t\t<div class=\"elementor-element elementor-element-b032cb2 elementor-invisible elementor-widget elementor-widget-heading\" data-id=\"b032cb2\" data-element_type=\"widget\" data-settings=\"{&quot;_animation&quot;:&quot;fadeInRight&quot;}\" data-widget_type=\"heading.default\">\n\t\t\t\t<div class=\"elementor-widget-container\">\n\t\t\t<h3 class=\"elementor-heading-title elementor-size-large\">photographie<\/h3>\t\t<\/div>\n\t\t\t\t<\/div>\n\t\t\t\t<div class=\"elementor-element elementor-element-23df8cc elementor-widget-divider--view-line elementor-widget elementor-widget-divider\" data-id=\"23df8cc\" data-element_type=\"widget\" data-widget_type=\"divider.default\">\n\t\t\t\t<div class=\"elementor-widget-container\">\n\t\t\t\t\t<div class=\"elementor-divider\">\n\t\t\t<span class=\"elementor-divider-separator\">\n\t\t\t\t\t\t<\/span>\n\t\t<\/div>\n\t\t\t\t<\/div>\n\t\t\t\t<\/div>\n\t\t\t\t<div class=\"elementor-element elementor-element-57b91b8 elementor-invisible elementor-widget elementor-widget-heading\" data-id=\"57b91b8\" data-element_type=\"widget\" data-settings=\"{&quot;_animation&quot;:&quot;fadeInRight&quot;}\" data-widget_type=\"heading.default\">\n\t\t\t\t<div class=\"elementor-widget-container\">\n\t\t\t<h3 class=\"elementor-heading-title elementor-size-large\">vid\u00e9o<\/h3>\t\t<\/div>\n\t\t\t\t<\/div>\n\t\t\t\t<div class=\"elementor-element elementor-element-f0f3feb elementor-widget-divider--view-line elementor-widget elementor-widget-divider\" data-id=\"f0f3feb\" data-element_type=\"widget\" data-widget_type=\"divider.default\">\n\t\t\t\t<div class=\"elementor-widget-container\">\n\t\t\t\t\t<div class=\"elementor-divider\">\n\t\t\t<span class=\"elementor-divider-separator\">\n\t\t\t\t\t\t<\/span>\n\t\t<\/div>\n\t\t\t\t<\/div>\n\t\t\t\t<\/div>\n\t\t\t\t<div class=\"elementor-element elementor-element-fad9326 elementor-invisible elementor-widget elementor-widget-heading\" data-id=\"fad9326\" data-element_type=\"widget\" data-settings=\"{&quot;_animation&quot;:&quot;fadeInRight&quot;}\" data-widget_type=\"heading.default\">\n\t\t\t\t<div class=\"elementor-widget-container\">\n\t\t\t<h3 class=\"elementor-heading-title elementor-size-large\">graphisme<\/h3>\t\t<\/div>\n\t\t\t\t<\/div>\n\t\t\t\t<div class=\"elementor-element elementor-element-a9e25fc elementor-widget-divider--view-line elementor-widget elementor-widget-divider\" data-id=\"a9e25fc\" data-element_type=\"widget\" data-widget_type=\"divider.default\">\n\t\t\t\t<div class=\"elementor-widget-container\">\n\t\t\t\t\t<div class=\"elementor-divider\">\n\t\t\t<span class=\"elementor-divider-separator\">\n\t\t\t\t\t\t<\/span>\n\t\t<\/div>\n\t\t\t\t<\/div>\n\t\t\t\t<\/div>\n\t\t\t\t<div class=\"elementor-element elementor-element-b6a2c3f elementor-invisible elementor-widget elementor-widget-heading\" data-id=\"b6a2c3f\" data-element_type=\"widget\" data-settings=\"{&quot;_animation&quot;:&quot;fadeInRight&quot;}\" data-widget_type=\"heading.default\">\n\t\t\t\t<div class=\"elementor-widget-container\">\n\t\t\t<h3 class=\"elementor-heading-title elementor-size-large\">strat\u00e9gie <\/h3>\t\t<\/div>\n\t\t\t\t<\/div>\n\t\t\t\t<div class=\"elementor-element elementor-element-460481b elementor-widget-divider--view-line elementor-widget elementor-widget-divider\" data-id=\"460481b\" data-element_type=\"widget\" data-widget_type=\"divider.default\">\n\t\t\t\t<div class=\"elementor-widget-container\">\n\t\t\t\t\t<div class=\"elementor-divider\">\n\t\t\t<span class=\"elementor-divider-separator\">\n\t\t\t\t\t\t<\/span>\n\t\t<\/div>\n\t\t\t\t<\/div>\n\t\t\t\t<\/div>\n\t\t\t\t<div class=\"elementor-element elementor-element-6c6b1a3 elementor-invisible elementor-widget elementor-widget-heading\" data-id=\"6c6b1a3\" data-element_type=\"widget\" data-settings=\"{&quot;_animation&quot;:&quot;fadeInRight&quot;}\" data-widget_type=\"heading.default\">\n\t\t\t\t<div class=\"elementor-widget-container\">\n\t\t\t<h3 class=\"elementor-heading-title elementor-size-large\">Site internet<\/h3>\t\t<\/div>\n\t\t\t\t<\/div>\n\t\t\t\t<div class=\"elementor-element elementor-element-41f4596c elementor-widget elementor-widget-text-editor\" data-id=\"41f4596c\" data-element_type=\"widget\" data-widget_type=\"text-editor.default\">\n\t\t\t\t<div class=\"elementor-widget-container\">\n\t\t\t\t\t\t\t\t<div class=\"elementor-text-editor elementor-clearfix\">\n\t\t\t\t\t\t\t\t\t<\/div>\n\t\t\t\t\t\t<\/div>\n\t\t\t\t<\/div>\n\t\t\t\t\t\t<\/div>\n\t\t\t\t\t<\/div>\n\t\t<\/div>\n\t\t\t\t\t\t\t\t<\/div>\n\t\t\t\t\t<\/div>\n\t\t<\/section>\n\t\t\t\t\t\t\t\t\t<\/div>\n\t\t\t<\/div>\n\t\t\t\t\t<\/div>\n\t\t","protected":false},"excerpt":{"rendered":"<p>Cr\u00e9ation de contenu photographie vid\u00e9o graphisme strat\u00e9gie Site internet<\/p>\n","protected":false},"author":1,"featured_media":0,"parent":0,"menu_order":0,"comment_status":"closed","ping_status":"closed","template":"","meta":[],"yoast_head":"<!-- This site is optimized with the Yoast SEO plugin v19.1 - https:\/\/yoast.com\/wordpress\/plugins\/seo\/ -->\n<title>Comp\u00e9tences &amp; Exp\u00e9riences -<\/title>\n<meta name=\"description\" content=\"D\u00e9couvrez mes comp\u00e9tences professionnelles et exp\u00e9riences !\" \/>\n<meta name=\"robots\" content=\"index, follow, max-snippet:-1, max-image-preview:large, max-video-preview:-1\" \/>\n<link rel=\"canonical\" href=\"https:\/\/maelleneumann.com\/?page_id=199\" \/>\n<meta property=\"og:locale\" content=\"fr_FR\" \/>\n<meta property=\"og:type\" content=\"article\" \/>\n<meta property=\"og:title\" content=\"Comp\u00e9tences &amp; Exp\u00e9riences -\" \/>\n<meta property=\"og:description\" content=\"D\u00e9couvrez mes comp\u00e9tences professionnelles et exp\u00e9riences !\" \/>\n<meta property=\"og:url\" content=\"https:\/\/maelleneumann.com\/?page_id=199\" \/>\n<meta property=\"article:modified_time\" content=\"2026-01-28T16:08:15+00:00\" \/>\n<meta property=\"og:image\" content=\"https:\/\/maelleneumann.com\/wp-content\/uploads\/2021\/01\/bjklb-ljk.png\" \/>\n<meta name=\"twitter:card\" content=\"summary_large_image\" \/>\n<meta name=\"twitter:label1\" content=\"Dur\u00e9e de lecture estim\u00e9e\" \/>\n\t<meta name=\"twitter:data1\" content=\"1 minute\" \/>\n<script type=\"application\/ld+json\" class=\"yoast-schema-graph\">{\"@context\":\"https:\/\/schema.org\",\"@graph\":[{\"@type\":\"WebSite\",\"@id\":\"https:\/\/maelleneumann.com\/#website\",\"url\":\"https:\/\/maelleneumann.com\/\",\"name\":\"\",\"description\":\"Mon portfolio\",\"potentialAction\":[{\"@type\":\"SearchAction\",\"target\":{\"@type\":\"EntryPoint\",\"urlTemplate\":\"https:\/\/maelleneumann.com\/?s={search_term_string}\"},\"query-input\":\"required name=search_term_string\"}],\"inLanguage\":\"fr-FR\"},{\"@type\":\"ImageObject\",\"inLanguage\":\"fr-FR\",\"@id\":\"https:\/\/maelleneumann.com\/?page_id=199#primaryimage\",\"url\":\"https:\/\/maelleneumann.com\/wp-content\/uploads\/2021\/01\/bjklb-ljk.png\",\"contentUrl\":\"https:\/\/maelleneumann.com\/wp-content\/uploads\/2021\/01\/bjklb-ljk.png\",\"width\":620,\"height\":1102},{\"@type\":\"WebPage\",\"@id\":\"https:\/\/maelleneumann.com\/?page_id=199#webpage\",\"url\":\"https:\/\/maelleneumann.com\/?page_id=199\",\"name\":\"Comp\u00e9tences & Exp\u00e9riences -\",\"isPartOf\":{\"@id\":\"https:\/\/maelleneumann.com\/#website\"},\"primaryImageOfPage\":{\"@id\":\"https:\/\/maelleneumann.com\/?page_id=199#primaryimage\"},\"datePublished\":\"2021-01-21T09:14:26+00:00\",\"dateModified\":\"2026-01-28T16:08:15+00:00\",\"description\":\"D\u00e9couvrez mes comp\u00e9tences professionnelles et exp\u00e9riences !\",\"breadcrumb\":{\"@id\":\"https:\/\/maelleneumann.com\/?page_id=199#breadcrumb\"},\"inLanguage\":\"fr-FR\",\"potentialAction\":[{\"@type\":\"ReadAction\",\"target\":[\"https:\/\/maelleneumann.com\/?page_id=199\"]}]},{\"@type\":\"BreadcrumbList\",\"@id\":\"https:\/\/maelleneumann.com\/?page_id=199#breadcrumb\",\"itemListElement\":[{\"@type\":\"ListItem\",\"position\":1,\"name\":\"Accueil\",\"item\":\"https:\/\/maelleneumann.com\/\"},{\"@type\":\"ListItem\",\"position\":2,\"name\":\"Comp\u00e9tences &#038; Exp\u00e9riences\"}]}]}<\/script>\n<!-- \/ Yoast SEO plugin. -->","yoast_head_json":{"title":"Comp\u00e9tences & Exp\u00e9riences -","description":"D\u00e9couvrez mes comp\u00e9tences professionnelles et exp\u00e9riences !","robots":{"index":"index","follow":"follow","max-snippet":"max-snippet:-1","max-image-preview":"max-image-preview:large","max-video-preview":"max-video-preview:-1"},"canonical":"https:\/\/maelleneumann.com\/?page_id=199","og_locale":"fr_FR","og_type":"article","og_title":"Comp\u00e9tences & Exp\u00e9riences -","og_description":"D\u00e9couvrez mes comp\u00e9tences professionnelles et exp\u00e9riences !","og_url":"https:\/\/maelleneumann.com\/?page_id=199","article_modified_time":"2026-01-28T16:08:15+00:00","og_image":[{"url":"https:\/\/maelleneumann.com\/wp-content\/uploads\/2021\/01\/bjklb-ljk.png"}],"twitter_card":"summary_large_image","twitter_misc":{"Dur\u00e9e de lecture estim\u00e9e":"1 minute"},"schema":{"@context":"https:\/\/schema.org","@graph":[{"@type":"WebSite","@id":"https:\/\/maelleneumann.com\/#website","url":"https:\/\/maelleneumann.com\/","name":"","description":"Mon portfolio","potentialAction":[{"@type":"SearchAction","target":{"@type":"EntryPoint","urlTemplate":"https:\/\/maelleneumann.com\/?s={search_term_string}"},"query-input":"required name=search_term_string"}],"inLanguage":"fr-FR"},{"@type":"ImageObject","inLanguage":"fr-FR","@id":"https:\/\/maelleneumann.com\/?page_id=199#primaryimage","url":"https:\/\/maelleneumann.com\/wp-content\/uploads\/2021\/01\/bjklb-ljk.png","contentUrl":"https:\/\/maelleneumann.com\/wp-content\/uploads\/2021\/01\/bjklb-ljk.png","width":620,"height":1102},{"@type":"WebPage","@id":"https:\/\/maelleneumann.com\/?page_id=199#webpage","url":"https:\/\/maelleneumann.com\/?page_id=199","name":"Comp\u00e9tences & Exp\u00e9riences -","isPartOf":{"@id":"https:\/\/maelleneumann.com\/#website"},"primaryImageOfPage":{"@id":"https:\/\/maelleneumann.com\/?page_id=199#primaryimage"},"datePublished":"2021-01-21T09:14:26+00:00","dateModified":"2026-01-28T16:08:15+00:00","description":"D\u00e9couvrez mes comp\u00e9tences professionnelles et exp\u00e9riences !","breadcrumb":{"@id":"https:\/\/maelleneumann.com\/?page_id=199#breadcrumb"},"inLanguage":"fr-FR","potentialAction":[{"@type":"ReadAction","target":["https:\/\/maelleneumann.com\/?page_id=199"]}]},{"@type":"BreadcrumbList","@id":"https:\/\/maelleneumann.com\/?page_id=199#breadcrumb","itemListElement":[{"@type":"ListItem","position":1,"name":"Accueil","item":"https:\/\/maelleneumann.com\/"},{"@type":"ListItem","position":2,"name":"Comp\u00e9tences &#038; Exp\u00e9riences"}]}]}},"_links":{"self":[{"href":"https:\/\/maelleneumann.com\/index.php?rest_route=\/wp\/v2\/pages\/199"}],"collection":[{"href":"https:\/\/maelleneumann.com\/index.php?rest_route=\/wp\/v2\/pages"}],"about":[{"href":"https:\/\/maelleneumann.com\/index.php?rest_route=\/wp\/v2\/types\/page"}],"author":[{"embeddable":true,"href":"https:\/\/maelleneumann.com\/index.php?rest_route=\/wp\/v2\/users\/1"}],"replies":[{"embeddable":true,"href":"https:\/\/maelleneumann.com\/index.php?rest_route=%2Fwp%2Fv2%2Fcomments&post=199"}],"version-history":[{"count":74,"href":"https:\/\/maelleneumann.com\/index.php?rest_route=\/wp\/v2\/pages\/199\/revisions"}],"predecessor-version":[{"id":712,"href":"https:\/\/maelleneumann.com\/index.php?rest_route=\/wp\/v2\/pages\/199\/revisions\/712"}],"wp:attachment":[{"href":"https:\/\/maelleneumann.com\/index.php?rest_route=%2Fwp%2Fv2%2Fmedia&parent=199"}],"curies":[{"name":"wp","href":"https:\/\/api.w.org\/{rel}","templated":true}]}}